{"id":304,"date":"2021-12-19T21:54:49","date_gmt":"2021-12-19T21:54:49","guid":{"rendered":"https:\/\/www.eweder.de\/mh\/?page_id=304"},"modified":"2021-12-24T07:45:35","modified_gmt":"2021-12-24T07:45:35","slug":"buchung-erfolgreich","status":"publish","type":"page","link":"https:\/\/www.eweder.de\/mh\/buchung-erfolgreich\/","title":{"rendered":"Buchung erfolgreich"},"content":{"rendered":"<div id=\"pl-304\"  class=\"panel-layout\" ><div id=\"pg-304-0\"  class=\"panel-grid panel-no-style\" ><div id=\"pgc-304-0-0\"  class=\"panel-grid-cell panel-grid-cell-mobile-last\" ><div id=\"panel-304-0-0-0\" class=\"so-panel widget widget_headline-widget panel-first-child\" data-index=\"0\" >\t\t<h1>Buchung erfolgreich<\/h1>\n\t\t<div class=\"decoration\"><div class=\"decoration-inside\"><\/div><\/div>\n\t\t<h3>Vielen Dank<\/h3>\n\t\t<\/div><div id=\"panel-304-0-0-1\" class=\"so-panel widget widget_sow-editor panel-last-child\" data-index=\"1\" ><div\n\t\t\t\n\t\t\tclass=\"so-widget-sow-editor so-widget-sow-editor-base\"\n\t\t\t\n\t\t>\n<div class=\"siteorigin-widget-tinymce textwidget\">\n\t<p>&nbsp;<\/p>\n<p>&nbsp;<\/p>\n<p>Vielen Dank f\u00fcr Deine Buchung. Innerhalb der n\u00e4chsten Minuten erh\u00e4ltst Du eine vorl\u00e4ufige Buchungsbest\u00e4tigung per Email mit den Hinweisen zur Bezahlung der Anzahlung.<\/p>\n<p>Falls Du keine E-Mail bekommen hast, pr\u00fcfe bitte Deinen Spamordner.<\/p>\n<p>&nbsp;<\/p>\n<p>&nbsp;<\/p>\n<\/div>\n<\/div><\/div><\/div><div id=\"pgc-304-0-1\"  class=\"panel-grid-cell panel-grid-cell-empty\" ><\/div><\/div><\/div>","protected":false},"excerpt":{"rendered":"<p>&nbsp; &nbsp; Vielen Dank f\u00fcr Deine Buchung. Innerhalb der n\u00e4chsten Minuten erh\u00e4ltst Du eine vorl\u00e4ufige Buchungsbest\u00e4tigung per Email mit den Hinweisen zur Bezahlung der Anzahlung. Falls Du keine E-Mail bekommen hast, pr\u00fcfe bitte Deinen Spamordner. &nbsp; &nbsp;<\/p>\n","protected":false},"author":1,"featured_media":0,"parent":0,"menu_order":0,"comment_status":"closed","ping_status":"closed","template":"","meta":{"footnotes":""},"class_list":["post-304","page","type-page","status-publish","hentry","post"],"_links":{"self":[{"href":"https:\/\/www.eweder.de\/mh\/wp-json\/wp\/v2\/pages\/304","targetHints":{"allow":["GET"]}}],"collection":[{"href":"https:\/\/www.eweder.de\/mh\/wp-json\/wp\/v2\/pages"}],"about":[{"href":"https:\/\/www.eweder.de\/mh\/wp-json\/wp\/v2\/types\/page"}],"author":[{"embeddable":true,"href":"https:\/\/www.eweder.de\/mh\/wp-json\/wp\/v2\/users\/1"}],"replies":[{"embeddable":true,"href":"https:\/\/www.eweder.de\/mh\/wp-json\/wp\/v2\/comments?post=304"}],"version-history":[{"count":6,"href":"https:\/\/www.eweder.de\/mh\/wp-json\/wp\/v2\/pages\/304\/revisions"}],"predecessor-version":[{"id":480,"href":"https:\/\/www.eweder.de\/mh\/wp-json\/wp\/v2\/pages\/304\/revisions\/480"}],"wp:attachment":[{"href":"https:\/\/www.eweder.de\/mh\/wp-json\/wp\/v2\/media?parent=304"}],"curies":[{"name":"wp","href":"https:\/\/api.w.org\/{rel}","templated":true}]}}